{"id":31317,"date":"2024-12-12T12:48:37","date_gmt":"2024-12-12T12:48:37","guid":{"rendered":"https:\/\/pontosigma.pt\/politique-en-matiere-de-cookies\/"},"modified":"2024-12-18T14:45:23","modified_gmt":"2024-12-18T14:45:23","slug":"politique-en-matiere-de-cookies","status":"publish","type":"page","link":"https:\/\/pontosigma.pt\/fr\/politique-en-matiere-de-cookies\/","title":{"rendered":"Politique en mati\u00e8re de cookies"},"content":{"rendered":"\t\t<div data-elementor-type=\"wp-page\" data-elementor-id=\"31317\" class=\"elementor elementor-31317 elementor-29111\">\n\t\t\t\t\r\n\t\t<div class=\"default no-position show_shadow rs-sticky-default elementor-element elementor-element-ccf6aa3 e-flex e-con-boxed e-con e-parent\" data-id=\"ccf6aa3\" data-element_type=\"container\" data-settings=\"{&quot;background_background&quot;:&quot;classic&quot;}\">\n\t\t\t\t\t<div class=\"e-con-inner\">\n\t\t\r\n\t\t\t\t<div class=\"elementor-element elementor-element-cfc8707 elementor-widget elementor-widget-page-title\" data-id=\"cfc8707\" data-element_type=\"widget\" data-widget_type=\"page-title.default\">\n\t\t\t\t<div class=\"elementor-widget-container\">\n\t\t\t\t\t\t\t\n\t\t<div class=\"hfe-page-title hfe-page-title-wrapper elementor-widget-heading\">\n\t\t\t\n\t\t\t<h2 class=\"elementor-heading-title elementor-size\">\n\t\t\t\tPolitique en mati\u00e8re de cookies\t\t\t \n\t\t\t<\/h2 > \n\n\t\t\t\t\t\t\t\t<\/div>\n\t\t\t\t\t\t<\/div>\n\t\t\t\t<\/div>\n\t\t\r\n\t\t\t\t<div class=\"elementor-element elementor-element-5eefc7d elementor-widget elementor-widget-rs-breadcrumb\" data-id=\"5eefc7d\" data-element_type=\"widget\" data-widget_type=\"rs-breadcrumb.default\">\n\t\t\t\t<div class=\"elementor-widget-container\">\n\t\t\t\t\t                    <div class=\"breadcrumb-area style3\"> \n                <div class=\"breadcrumbs-inner\"> \n                    <!-- Breadcrumb NavXT 7.3.1 -->\n<span property=\"itemListElement\" typeof=\"ListItem\"><a property=\"item\" typeof=\"WebPage\" title=\"Ir para Ponto Sigma.\" href=\"https:\/\/pontosigma.pt\/fr\/\" class=\"home\" aria-current=\"page\"><span property=\"name\">Ponto Sigma<\/span><\/a><meta property=\"position\" content=\"1\"><\/span>                <\/div>\n            <\/div> \n          \n    \t\t\t\t<\/div>\n\t\t\t\t<\/div>\n\t\t\t\t\t<\/div>\n\t\t\t\t<\/div>\n\t\t\r\n\t\t<div class=\"default no-position show_shadow rs-sticky-default elementor-element elementor-element-329c611c e-flex e-con-boxed e-con e-parent\" data-id=\"329c611c\" data-element_type=\"container\">\n\t\t\t\t\t<div class=\"e-con-inner\">\n\t\t\r\n\t\t\t\t<div class=\"elementor-element elementor-element-ced99c0 elementor-widget elementor-widget-text-editor\" data-id=\"ced99c0\" data-element_type=\"widget\" data-widget_type=\"text-editor.default\">\n\t\t\t\t<div class=\"elementor-widget-container\">\n\t\t\t\t\t\t\t\t\t\n          \n          \n\n          <p>\n            <strong>Politique en mati\u00e8re de cookies<\/strong>\n          <\/p>\n          \n\n          <p>Cette politique en mati\u00e8re de cookies explique comment nous utilisons les cookies et autres technologies similaires sur le site web de Ponto Sigma, Lda. En naviguant sur notre site, vous acceptez l&rsquo;utilisation de cookies dans les conditions d\u00e9crites dans cette politique. <\/p>\n          \n\n          <p>\n            <strong>Qu&rsquo;est-ce qu&rsquo;un biscuit ?<\/strong>\n          <\/p>\n          \n\n          <p>Les cookies sont de petits fichiers texte stock\u00e9s sur votre appareil (ordinateur, tablette ou smartphone) lorsque vous visitez un site web. Ces fichiers permettent au site web de reconna\u00eetre votre appareil lors de vos prochaines visites, contribuant ainsi \u00e0 une exp\u00e9rience de navigation plus efficace et personnalis\u00e9e. <\/p>\n          \n\n          <p>\n            <strong>Types de cookies utilis\u00e9s<\/strong>\n          <\/p>\n          \n\n          <ul>\n            \n\n            <li>Biscuits essentiels<\/li>\n            \n\n          <\/ul>\n          \n\n          <p>Ces cookies sont indispensables au fonctionnement du site web, permettant des fonctionnalit\u00e9s de base telles que la navigation entre les pages et l&rsquo;acc\u00e8s \u00e0 des zones s\u00e9curis\u00e9es. Sans ces cookies, le site web pourrait ne pas fonctionner correctement. <\/p>\n          \n\n          <ul>\n            \n\n            <li>Cookies de performance<\/li>\n            \n\n          <\/ul>\n          \n\n          <p>Ils recueillent des informations sur la mani\u00e8re dont les utilisateurs interagissent avec le site, telles que les pages les plus visit\u00e9es ou les \u00e9ventuels messages d&rsquo;erreur. Ces donn\u00e9es ne sont utilis\u00e9es que pour am\u00e9liorer les performances du site, sans identifier les utilisateurs. <\/p>\n          \n\n          <ul>\n            \n\n            <li>Cookies de fonctionnalit\u00e9<\/li>\n            \n\n          <\/ul>\n          \n\n          <p>Ils permettent au site de m\u00e9moriser vos pr\u00e9f\u00e9rences, telles que la langue ou la localisation, afin de vous offrir une exp\u00e9rience utilisateur personnalis\u00e9e.<\/p>\n          \n\n          <ul>\n            \n\n            <li>Cookies de marketing et de publicit\u00e9<\/li>\n            \n\n          <\/ul>\n          \n\n          <p>Ils sont utilis\u00e9s pour afficher des publicit\u00e9s pertinentes et mesurer l&rsquo;efficacit\u00e9 des campagnes publicitaires. Ces cookies peuvent \u00eatre install\u00e9s par des tiers, tels que Google ou Facebook, avec notre autorisation. <\/p>\n          \n\n          <ul>\n            \n\n            <li>Cookies analytiques<\/li>\n            \n\n          <\/ul>\n          \n\n          <p>Ils nous aident \u00e0 comprendre comment les utilisateurs interagissent avec le site en collectant des donn\u00e9es anonymes pour des analyses statistiques, notamment par le biais d&rsquo;outils tels que Google Analytics.<\/p>\n          \n\n          <p>\n            <strong>Finalit\u00e9s des cookies<\/strong>\n          <\/p>\n          \n\n          <p>Les cookies utilis\u00e9s sur le site web de Ponto Sigma sont destin\u00e9s \u00e0 :<\/p>\n          \n\n          <ul>\n            \n\n            <li>Assurer le bon fonctionnement du site ;<\/li>\n            \n\n            <li>Am\u00e9liorer l&rsquo;exp\u00e9rience de navigation de l&rsquo;utilisateur ;<\/li>\n            \n\n            <li>Collecter des donn\u00e9es pour optimiser nos services ;<\/li>\n            \n\n            <li>Personnaliser le contenu et les publicit\u00e9s, le cas \u00e9ch\u00e9ant.<\/li>\n            \n\n          <\/ul>\n          \n\n          <p>\n            <strong>Gestion des cookies<\/strong>\n          <\/p>\n          \n\n          <p>Vous pouvez g\u00e9rer les cookies par le biais des param\u00e8tres de votre navigateur, en les autorisant, en les bloquant ou en les supprimant selon vos pr\u00e9f\u00e9rences. Veuillez noter que la restriction des cookies peut compromettre certaines fonctionnalit\u00e9s du site. <\/p>\n          \n\n          <p>Configurations dans les principaux navigateurs :<\/p>\n          \n\n          <ul>\n            \n\n            <li>&gt; &gt; &gt; Google Chrome : Menu Param\u00e8tres Confidentialit\u00e9 et s\u00e9curit\u00e9 Cookies et autres donn\u00e9es.<\/li>\n            \n\n            <li>Mozilla Firefox : &gt; &gt; Options Confidentialit\u00e9 et s\u00e9curit\u00e9 Cookies et donn\u00e9es du site.<\/li>\n            \n\n            <li>&gt; Microsoft Edge : Param\u00e8tres Cookies et autorisations de site.<\/li>\n            \n\n            <li>&gt; &gt; Safari : Pr\u00e9f\u00e9rences Confidentialit\u00e9 G\u00e9rer les donn\u00e9es du site web.<\/li>\n            \n\n          <\/ul>\n          \n\n          <p>Pour plus d&rsquo;informations, consultez la documentation de votre navigateur.<\/p>\n          \n\n          <p>\n            <strong>Cookies de tiers<\/strong>\n          <\/p>\n          \n\n          <p>Certains cookies utilis\u00e9s peuvent \u00eatre g\u00e9r\u00e9s par des tiers, tels que des plateformes d&rsquo;analyse (Google Analytics) ou des plateformes publicitaires. Nous vous recommandons de consulter leurs politiques de confidentialit\u00e9 pour obtenir des informations d\u00e9taill\u00e9es : <\/p>\n          \n\n          <ul>\n            \n\n            <li><a href=\"https:\/\/policies.google.com\/?hl=pt-PT\">Google Analytics<\/a>.<\/li>\n            \n\n          <\/ul>\n          \n\n          <p>\n            <strong>Consentement et modifications<\/strong>\n          <\/p>\n          \n\n          <p>En utilisant notre site web, vous consentez \u00e0 l&rsquo;utilisation de cookies selon les termes de cette politique. Vous pouvez retirer votre consentement ou ajuster vos pr\u00e9f\u00e9rences \u00e0 tout moment en utilisant les param\u00e8tres de votre navigateur. <\/p>\n          \n\n          <p>ADECAR &#8211; M\u00f3veis Met\u00e1licos, Lda. se r\u00e9serve le droit de mettre \u00e0 jour cette politique en mati\u00e8re de cookies chaque fois que n\u00e9cessaire. Nous vous recommandons de consulter r\u00e9guli\u00e8rement cette page pour rester inform\u00e9.  <\/p>\n          \n\n          <p>\n            <strong>Contact<\/strong>\n          <\/p>\n          \n\n          <p>Si vous avez des doutes ou des questions concernant cette politique en mati\u00e8re de cookies, vous pouvez nous contacter \u00e0 l&rsquo;adresse suivante :<\/p>\n          \n\n          <ul>\n            \n\n            <li>Courriel : <a href=\"mailto:geral@pontosigma.pt\">geral@pontosigma.pt<\/a><\/li>\n            \n\n            <li>T\u00e9l\u00e9phone : <a href=\"tel:252413227\">252 413 227<\/a> (ligne fixe nationale).<\/li>\n            \n\n          <\/ul>\n        \t\t\t\t\t\t\t\t<\/div>\n\t\t\t\t<\/div>\n\t\t\t\t\t<\/div>\n\t\t\t\t<\/div>\n\t\t\t\t<\/div>\n\t\t","protected":false},"excerpt":{"rendered":"<p>Ponto Sigma Politique en mati\u00e8re de cookies Cette politique en mati\u00e8re de cookies explique comment nous utilisons les cookies et autres technologies similaires sur le site web de Ponto Sigma, Lda. En naviguant sur notre site, vous acceptez l&rsquo;utilisation de cookies dans les conditions d\u00e9crites dans cette politique. Qu&rsquo;est-ce qu&rsquo;un biscuit ? Les cookies sont&#8230;<\/p>\n","protected":false},"author":1,"featured_media":0,"parent":0,"menu_order":0,"comment_status":"closed","ping_status":"closed","template":"","meta":{"footnotes":""},"class_list":["post-31317","page","type-page","status-publish","hentry"],"_links":{"self":[{"href":"https:\/\/pontosigma.pt\/fr\/wp-json\/wp\/v2\/pages\/31317","targetHints":{"allow":["GET"]}}],"collection":[{"href":"https:\/\/pontosigma.pt\/fr\/wp-json\/wp\/v2\/pages"}],"about":[{"href":"https:\/\/pontosigma.pt\/fr\/wp-json\/wp\/v2\/types\/page"}],"author":[{"embeddable":true,"href":"https:\/\/pontosigma.pt\/fr\/wp-json\/wp\/v2\/users\/1"}],"replies":[{"embeddable":true,"href":"https:\/\/pontosigma.pt\/fr\/wp-json\/wp\/v2\/comments?post=31317"}],"version-history":[{"count":3,"href":"https:\/\/pontosigma.pt\/fr\/wp-json\/wp\/v2\/pages\/31317\/revisions"}],"predecessor-version":[{"id":31320,"href":"https:\/\/pontosigma.pt\/fr\/wp-json\/wp\/v2\/pages\/31317\/revisions\/31320"}],"wp:attachment":[{"href":"https:\/\/pontosigma.pt\/fr\/wp-json\/wp\/v2\/media?parent=31317"}],"curies":[{"name":"wp","href":"https:\/\/api.w.org\/{rel}","templated":true}]}}