{"id":31321,"date":"2024-12-12T10:28:56","date_gmt":"2024-12-12T10:28:56","guid":{"rendered":"https:\/\/pontosigma.pt\/politique-de-confidentialite\/"},"modified":"2024-12-18T14:45:43","modified_gmt":"2024-12-18T14:45:43","slug":"politique-de-confidentialite","status":"publish","type":"page","link":"https:\/\/pontosigma.pt\/fr\/politique-de-confidentialite\/","title":{"rendered":"Politique de confidentialit\u00e9"},"content":{"rendered":"\t\t<div data-elementor-type=\"wp-page\" data-elementor-id=\"31321\" class=\"elementor elementor-31321 elementor-3\">\n\t\t\t\t\r\n\t\t<div class=\"default no-position show_shadow rs-sticky-default elementor-element elementor-element-d3e57d5 e-flex e-con-boxed e-con e-parent\" data-id=\"d3e57d5\" data-element_type=\"container\" data-settings=\"{&quot;background_background&quot;:&quot;classic&quot;}\">\n\t\t\t\t\t<div class=\"e-con-inner\">\n\t\t\r\n\t\t\t\t<div class=\"elementor-element elementor-element-d3a2eb0 elementor-widget elementor-widget-page-title\" data-id=\"d3a2eb0\" data-element_type=\"widget\" data-widget_type=\"page-title.default\">\n\t\t\t\t<div class=\"elementor-widget-container\">\n\t\t\t\t\t\t\t\n\t\t<div class=\"hfe-page-title hfe-page-title-wrapper elementor-widget-heading\">\n\t\t\t\n\t\t\t<h2 class=\"elementor-heading-title elementor-size\">\n\t\t\t\tPolitique de confidentialit\u00e9\t\t\t \n\t\t\t<\/h2 > \n\n\t\t\t\t\t\t\t\t<\/div>\n\t\t\t\t\t\t<\/div>\n\t\t\t\t<\/div>\n\t\t\r\n\t\t\t\t<div class=\"elementor-element elementor-element-984bcf5 elementor-widget elementor-widget-rs-breadcrumb\" data-id=\"984bcf5\" data-element_type=\"widget\" data-widget_type=\"rs-breadcrumb.default\">\n\t\t\t\t<div class=\"elementor-widget-container\">\n\t\t\t\t\t                    <div class=\"breadcrumb-area style3\"> \n                <div class=\"breadcrumbs-inner\"> \n                    <!-- Breadcrumb NavXT 7.3.1 -->\n<span property=\"itemListElement\" typeof=\"ListItem\"><a property=\"item\" typeof=\"WebPage\" title=\"Ir para Ponto Sigma.\" href=\"https:\/\/pontosigma.pt\/fr\/\" class=\"home\" aria-current=\"page\"><span property=\"name\">Ponto Sigma<\/span><\/a><meta property=\"position\" content=\"1\"><\/span>                <\/div>\n            <\/div> \n          \n    \t\t\t\t<\/div>\n\t\t\t\t<\/div>\n\t\t\t\t\t<\/div>\n\t\t\t\t<\/div>\n\t\t\r\n\t\t<div class=\"default no-position show_shadow rs-sticky-default elementor-element elementor-element-368e89bc e-flex e-con-boxed e-con e-parent\" data-id=\"368e89bc\" data-element_type=\"container\">\n\t\t\t\t\t<div class=\"e-con-inner\">\n\t\t\r\n\t\t\t\t<div class=\"elementor-element elementor-element-3e95d860 elementor-widget elementor-widget-text-editor\" data-id=\"3e95d860\" data-element_type=\"widget\" data-widget_type=\"text-editor.default\">\n\t\t\t\t<div class=\"elementor-widget-container\">\n\t\t\t\t\t\t\t\t\t\n          \n          \n\n          <p>\n            <strong>Politique de confidentialit\u00e9<\/strong>\n          <\/p>\n          \n\n          <p>Cette politique de confidentialit\u00e9 s&rsquo;applique \u00e0 toutes les donn\u00e9es personnelles collect\u00e9es par pontosigma.com.<\/p>\n          \n\n          <p>\n            <strong>Contr\u00f4leur des donn\u00e9es<\/strong>\n          <\/p>\n          \n\n          <p>Ponto Sigma, Lda, dont le si\u00e8ge social est situ\u00e9 Travessa das Ind\u00fastrias, pav. n\u00ba 7, Rua das Pateiras, 4785-623 Trofa, Portugal, et dont le num\u00e9ro de t\u00e9l\u00e9phone est 252 413 227 (ligne fixe nationale), est le responsable du traitement de vos donn\u00e9es personnelles. Vous pouvez nous contacter pour toute question relative \u00e0 la protection des donn\u00e9es par e-mail : geral@pontosigma.pt.<\/p>\n          \n\n          <p>\n            <strong>Collecte de donn\u00e9es<\/strong>\n          <\/p>\n          \n\n          <p>Les donn\u00e9es personnelles collect\u00e9es par le biais de cette page sont les suivantes :<\/p>\n          \n\n          <ul>\n            \n\n            <li>Nom<\/li>\n            \n\n            <li>Courriel<\/li>\n            \n\n            <li>T\u00e9l\u00e9phone<\/li>\n            \n\n          <\/ul>\n          \n\n          <p>Ces donn\u00e9es sont collect\u00e9es pour les utilisateurs qui souhaitent acheter des produits, demander des informations ou contacter Ponto Sigma.<\/p>\n          \n\n          <p>\n            <strong>Finalit\u00e9s du traitement<\/strong>\n          <\/p>\n          \n\n          <p>Les donn\u00e9es personnelles trait\u00e9es par le biais de ce site web seront utilis\u00e9es exclusivement pour :<\/p>\n          \n\n          <ul>\n            \n\n            <li>Communiquer avec les clients et r\u00e9pondre \u00e0 leurs questions<\/li>\n            \n\n            <li>Traitement des demandes d&rsquo;information<\/li>\n            \n\n            <li>Demande de services\/produits<\/li>\n            \n\n            <li>Respect des obligations l\u00e9gales<\/li>\n            \n\n            <li>Am\u00e9lioration de la qualit\u00e9 des services<\/li>\n            \n\n            <li>Dur\u00e9e de conservation<\/li>\n            \n\n          <\/ul>\n          \n\n          <p>Vos donn\u00e9es ne seront conserv\u00e9es que pendant la p\u00e9riode n\u00e9cessaire aux fins pour lesquelles elles ont \u00e9t\u00e9 collect\u00e9es ou jusqu&rsquo;\u00e0 ce que vous exerciez votre droit d&rsquo;opposition ou de suppression, selon le cas.<\/p>\n          \n\n          <p>\n            <strong>Consentement<\/strong>\n          <\/p>\n          \n\n          <p>En donnant votre accord \u00e0 la pr\u00e9sente politique de confidentialit\u00e9, vous autorisez le traitement de vos donn\u00e9es \u00e0 caract\u00e8re personnel sp\u00e9cifiquement pour les finalit\u00e9s identifi\u00e9es et s\u00e9lectionn\u00e9es. Si le consentement est l\u00e9galement requis pour le traitement des donn\u00e9es \u00e0 caract\u00e8re personnel, vous avez le droit de le retirer \u00e0 tout moment, sans compromettre la l\u00e9galit\u00e9 du traitement effectu\u00e9 pr\u00e9c\u00e9demment. Pour retirer votre consentement, vous pouvez nous contacter \u00e0 l&rsquo;adresse suivante : geral@pontosigma.pt.  <\/p>\n          \n\n          <p>\n            <strong>Droits des utilisateurs<\/strong>\n          <\/p>\n          \n\n          <p>Les utilisateurs peuvent exercer les droits suivants \u00e0 tout moment :<\/p>\n          \n\n          <ul>\n            \n\n            <li>Acc\u00e8s<\/li>\n            \n\n            <li>Rectification<\/li>\n            \n\n            <li>Suppression<\/li>\n            \n\n            <li>Limitation du traitement<\/li>\n            \n\n            <li>Opposition<\/li>\n            \n\n            <li>Portabilit\u00e9<\/li>\n            \n\n          <\/ul>\n          \n\n          <p>Pour exercer ces droits, veuillez contacter<\/p>\n          \n\n          <ul>\n            \n\n            <li>Adresse postale : Travessa das Ind\u00fastrias, pav. n\u00ba 7, Rua das Pateiras, 4785-623 Trofa, Portugal <\/li>\n            \n\n            <li>Courriel : <a href=\"mailto:geral@pontosigma.pt\">geral@pontosigma.pt<\/a><\/li>\n            \n\n          <\/ul>\n          \n\n          <p>Vous pouvez \u00e9galement d\u00e9poser une plainte concernant le traitement des donn\u00e9es aupr\u00e8s de la Commission nationale de protection des donn\u00e9es (CNPD).<\/p>\n          \n\n          <p>\n            <strong>Transmission des donn\u00e9es<\/strong>\n          <\/p>\n          \n\n          <p>Les donn\u00e9es peuvent \u00eatre trait\u00e9es par des fournisseurs de services sous contrat avec Ponto Sigma, Lda, tels que des soci\u00e9t\u00e9s de logistique, des transporteurs ou des plateformes de paiement. Ponto Sigma s&rsquo;assure que tous les fournisseurs de services respectent strictement les r\u00e8gles de protection des donn\u00e9es personnelles et de s\u00e9curit\u00e9 de l&rsquo;information.<\/p>\n          \n\n          <p>\n            <strong>Transferts internationaux de donn\u00e9es<\/strong>\n          <\/p>\n          \n\n          <p>Si n\u00e9cessaire, Ponto Sigma, Lda. peut transf\u00e9rer des donn\u00e9es personnelles en dehors de l&rsquo;Espace \u00e9conomique europ\u00e9en (EEE), en veillant toujours au respect des dispositions l\u00e9gales applicables. <\/p>\n          \n\n          <p>\n            <strong>Caract\u00e8re obligatoire des donn\u00e9es demand\u00e9es<\/strong>\n          <\/p>\n          \n\n          <p>Les champs marqu\u00e9s d&rsquo;un ast\u00e9risque (*) sont obligatoires. Si vous ne les remplissez pas, Ponto Sigma ne pourra pas r\u00e9pondre \u00e0 votre demande. <\/p>\n          \n\n          <p>\n            <strong>D\u00e9cisions automatis\u00e9es<\/strong>\n          <\/p>\n          \n\n          <p>Ponto Sigma, Lda. n&rsquo;utilise pas la prise de d\u00e9cision automatis\u00e9e ou le profilage \u00e0 des fins de traitement des donn\u00e9es. <\/p>\n          \n\n          <p>\n            <strong>Mesures de protection des donn\u00e9es personnelles<\/strong>\n          <\/p>\n          \n\n          <p>Ponto Sigma applique des mesures techniques et organisationnelles appropri\u00e9es pour prot\u00e9ger les donn\u00e9es personnelles contre l&rsquo;acc\u00e8s non autoris\u00e9, la perte ou la divulgation inappropri\u00e9e.<\/p>\n          \n\n          <p>\n            <strong>Modifications de la politique de confidentialit\u00e9<\/strong>\n          <\/p>\n          \n\n          <p>Ponto Sigma, Lda. peut mettre \u00e0 jour cette politique de confidentialit\u00e9. Nous vous recommandons de consulter r\u00e9guli\u00e8rement cette page pour rester inform\u00e9.  <\/p>\n          \n\n          <p>\n            <strong>Google Analytics<\/strong>\n          <\/p>\n          \n\n          <p>Le site web de Ponto Sigma utilise Google Analytics pour surveiller l&rsquo;interaction des utilisateurs avec le site. Pour plus d&rsquo;informations, consultez la politique de confidentialit\u00e9 de Google <a href=\"https:\/\/policies.google.com\/privacy?hl=pt-PT\">ici<\/a>. <\/p>\n        \t\t\t\t\t\t\t\t<\/div>\n\t\t\t\t<\/div>\n\t\t\t\t\t<\/div>\n\t\t\t\t<\/div>\n\t\t\t\t<\/div>\n\t\t","protected":false},"excerpt":{"rendered":"<p>Ponto Sigma Politique de confidentialit\u00e9 Cette politique de confidentialit\u00e9 s&rsquo;applique \u00e0 toutes les donn\u00e9es personnelles collect\u00e9es par pontosigma.com. Contr\u00f4leur des donn\u00e9es Ponto Sigma, Lda, dont le si\u00e8ge social est situ\u00e9 Travessa das Ind\u00fastrias, pav. n\u00ba 7, Rua das Pateiras, 4785-623 Trofa, Portugal, et dont le num\u00e9ro de t\u00e9l\u00e9phone est 252 413 227 (ligne fixe nationale),&#8230;<\/p>\n","protected":false},"author":1,"featured_media":0,"parent":0,"menu_order":0,"comment_status":"closed","ping_status":"closed","template":"","meta":{"footnotes":""},"class_list":["post-31321","page","type-page","status-publish","hentry"],"_links":{"self":[{"href":"https:\/\/pontosigma.pt\/fr\/wp-json\/wp\/v2\/pages\/31321","targetHints":{"allow":["GET"]}}],"collection":[{"href":"https:\/\/pontosigma.pt\/fr\/wp-json\/wp\/v2\/pages"}],"about":[{"href":"https:\/\/pontosigma.pt\/fr\/wp-json\/wp\/v2\/types\/page"}],"author":[{"embeddable":true,"href":"https:\/\/pontosigma.pt\/fr\/wp-json\/wp\/v2\/users\/1"}],"replies":[{"embeddable":true,"href":"https:\/\/pontosigma.pt\/fr\/wp-json\/wp\/v2\/comments?post=31321"}],"version-history":[{"count":3,"href":"https:\/\/pontosigma.pt\/fr\/wp-json\/wp\/v2\/pages\/31321\/revisions"}],"predecessor-version":[{"id":31324,"href":"https:\/\/pontosigma.pt\/fr\/wp-json\/wp\/v2\/pages\/31321\/revisions\/31324"}],"wp:attachment":[{"href":"https:\/\/pontosigma.pt\/fr\/wp-json\/wp\/v2\/media?parent=31321"}],"curies":[{"name":"wp","href":"https:\/\/api.w.org\/{rel}","templated":true}]}}